{"id":58,"date":"2013-08-26T16:27:17","date_gmt":"2013-08-26T16:27:17","guid":{"rendered":"http:\/\/www.escuelalasflores.cl\/home\/?page_id=58"},"modified":"2025-10-27T14:34:04","modified_gmt":"2025-10-27T14:34:04","slug":"nuestro-equipo-2","status":"publish","type":"page","link":"http:\/\/www.escuelalasflores.cl\/home\/?page_id=58","title":{"rendered":"Nuestro Equipo"},"content":{"rendered":"<p>[et_pb_section fb_built=&#8221;1&#8243; fullwidth=&#8221;on&#8221; admin_label=&#8221;Hero&#8221; _builder_version=&#8221;4.16&#8243; background_color=&#8221;#88c4dd&#8221; background_color_gradient_direction=&#8221;90deg&#8221; background_image=&#8221;http:\/\/www.escuelalasflores.cl\/home\/wp-content\/uploads\/2019\/06\/dfg.jpg&#8221; global_colors_info=&#8221;{}&#8221;][et_pb_fullwidth_header title=&#8221;SOMOS UN GRAN EQUIPO&#8221; subhead=&#8221;INTEGRADO POR PROFESIONALES CALIFICADOS  Y  CERTIFICADOS POR EL MINISTERIO DE EDUCACI\u00d3N.&#8221; content_max_width=&#8221;1000px&#8221; _builder_version=&#8221;4.16&#8243; title_font=&#8221;Rubik|700||on|||||&#8221; title_text_color=&#8221;#e01f45&#8243; title_font_size=&#8221;28px&#8221; title_letter_spacing=&#8221;1px&#8221; content_font=&#8221;Rubik|700|||||||&#8221; content_text_color=&#8221;#ffffff&#8221; content_font_size=&#8221;25px&#8221; subhead_font=&#8221;Rubik|700|||||||&#8221; subhead_text_color=&#8221;#ffffff&#8221; subhead_font_size=&#8221;24px&#8221; subhead_line_height=&#8221;1.4em&#8221; background_color=&#8221;rgba(255,255,255,0)&#8221; background_size=&#8221;contain&#8221; background_position=&#8221;bottom_center&#8221; custom_button_one=&#8221;on&#8221; button_one_text_size=&#8221;16px&#8221; button_one_text_color=&#8221;#ffffff&#8221; button_one_bg_color=&#8221;#ff7355&#8243; button_one_border_width=&#8221;15px&#8221; button_one_border_color=&#8221;rgba(210,159,104,0)&#8221; button_one_border_radius=&#8221;100px&#8221; button_one_letter_spacing=&#8221;0px&#8221; button_one_font=&#8221;Rubik|700|||||||&#8221; button_one_use_icon=&#8221;off&#8221; custom_button_two=&#8221;on&#8221; button_two_text_size=&#8221;16px&#8221; button_two_text_color=&#8221;#ffffff&#8221; button_two_bg_color=&#8221;rgba(0,0,0,0.6)&#8221; button_two_border_width=&#8221;15px&#8221; button_two_border_color=&#8221;rgba(210,159,104,0)&#8221; button_two_border_radius=&#8221;100px&#8221; button_two_letter_spacing=&#8221;0px&#8221; button_two_font=&#8221;Rubik|700|||||||&#8221; button_two_use_icon=&#8221;off&#8221; background_layout=&#8221;light&#8221; max_width_last_edited=&#8221;off|desktop&#8221; module_alignment=&#8221;center&#8221; custom_margin=&#8221;|||&#8221; custom_padding=&#8221;4vw||4vw|&#8221; content_font_size_tablet=&#8221;&#8221; content_font_size_phone=&#8221;18px&#8221; content_font_size_last_edited=&#8221;on|phone&#8221; subhead_font_size_tablet=&#8221;&#8221; subhead_font_size_phone=&#8221;17px&#8221; subhead_font_size_last_edited=&#8221;on|phone&#8221; button_one_border_radius_hover=&#8221;100px&#8221; button_two_border_radius_hover=&#8221;100px&#8221; button_one_bg_color_hover=&#8221;#ff8a70&#8243; button_two_bg_color_hover=&#8221;#ff8a70&#8243; global_colors_info=&#8221;{}&#8221; button_one_text_size__hover_enabled=&#8221;off&#8221; button_two_text_size__hover_enabled=&#8221;off&#8221; button_one_text_color__hover_enabled=&#8221;off&#8221; button_two_text_color__hover_enabled=&#8221;off&#8221; button_one_border_width__hover_enabled=&#8221;off&#8221; button_two_border_width__hover_enabled=&#8221;off&#8221; button_one_border_color__hover_enabled=&#8221;off&#8221; button_two_border_color__hover_enabled=&#8221;off&#8221; button_one_border_radius__hover_enabled=&#8221;on&#8221; button_one_border_radius__hover=&#8221;100px&#8221; button_two_border_radius__hover_enabled=&#8221;on&#8221; button_two_border_radius__hover=&#8221;100px&#8221; button_one_letter_spacing__hover_enabled=&#8221;off&#8221; button_two_letter_spacing__hover_enabled=&#8221;off&#8221; button_one_bg_color__hover_enabled=&#8221;on&#8221; button_one_bg_color__hover=&#8221;#ff8a70&#8243; button_two_bg_color__hover_enabled=&#8221;on&#8221; button_two_bg_color__hover=&#8221;#ff8a70&#8243;][\/et_pb_fullwidth_header][\/et_pb_section][et_pb_section fb_built=&#8221;1&#8243; admin_label=&#8221;Staff&#8221; _builder_version=&#8221;4.16&#8243; background_image=&#8221;http:\/\/www.escuelalasflores.cl\/home\/wp-content\/uploads\/2019\/06\/shapes-bg-1.png&#8221; background_repeat=&#8221;space&#8221; custom_padding=&#8221;|||&#8221; global_colors_info=&#8221;{}&#8221;][et_pb_row column_structure=&#8221;1_3,1_3,1_3&#8243; _builder_version=&#8221;4.16&#8243; global_colors_info=&#8221;{}&#8221;][et_pb_column type=&#8221;1_3&#8243; _builder_version=&#8221;4.16&#8243; custom_padding=&#8221;|||&#8221; custom_padding_tablet=&#8221;&#8221; custom_padding_phone=&#8221;24px||0px|&#8221; custom_padding_last_edited=&#8221;on|phone&#8221; global_colors_info=&#8221;{}&#8221; custom_padding__hover=&#8221;|||&#8221;][et_pb_team_member name=&#8221;Lilian Zapata&#8221; position=&#8221;Directora&#8221; image_url=&#8221;http:\/\/www.escuelalasflores.cl\/home\/wp-content\/uploads\/2019\/06\/Lilian-Zapata.png&#8221; _builder_version=&#8221;4.16&#8243; header_font=&#8221;Rubik|700|||||||&#8221; header_text_color=&#8221;#4c5c67&#8243; header_font_size=&#8221;18px&#8221; header_line_height=&#8221;1.7em&#8221; body_font=&#8221;Rubik|500|||||||&#8221; body_font_size=&#8221;15px&#8221; body_line_height=&#8221;1.3em&#8221; animation_style=&#8221;zoom&#8221; animation_intensity_zoom=&#8221;10%&#8221; header_line_height_tablet=&#8221;&#8221; header_line_height_phone=&#8221;1.6em&#8221; header_line_height_last_edited=&#8221;on|phone&#8221; body_line_height_tablet=&#8221;&#8221; body_line_height_phone=&#8221;0.2em&#8221; body_line_height_last_edited=&#8221;on|phone&#8221; border_radii_image=&#8221;on|10px|10px|10px|10px&#8221; global_colors_info=&#8221;{}&#8221;][\/et_pb_team_member][et_pb_team_member name=&#8221;Mireya Acu\u00f1a&#8221; position=&#8221;Educadora Diferencial (TEL)&#8221; image_url=&#8221;http:\/\/www.escuelalasflores.cl\/home\/wp-content\/uploads\/2019\/06\/Mireya-Acun\u0303a.png&#8221; _builder_version=&#8221;4.16&#8243; header_font=&#8221;Rubik|700|||||||&#8221; header_text_color=&#8221;#4c5c67&#8243; header_font_size=&#8221;18px&#8221; header_line_height=&#8221;1.7em&#8221; body_font=&#8221;Rubik|500|||||||&#8221; body_font_size=&#8221;15px&#8221; body_line_height=&#8221;1.3em&#8221; animation_style=&#8221;zoom&#8221; animation_intensity_zoom=&#8221;10%&#8221; body_line_height_tablet=&#8221;&#8221; body_line_height_phone=&#8221;0.2em&#8221; body_line_height_last_edited=&#8221;on|phone&#8221; border_radii_image=&#8221;on|10px|10px|10px|10px&#8221; global_colors_info=&#8221;{}&#8221;][\/et_pb_team_member][\/et_pb_column][et_pb_column type=&#8221;1_3&#8243; _builder_version=&#8221;4.16&#8243; custom_padding=&#8221;|||&#8221; custom_padding_tablet=&#8221;&#8221; custom_padding_phone=&#8221;0px||0px&#8221; custom_padding_last_edited=&#8221;on|phone&#8221; global_colors_info=&#8221;{}&#8221; custom_padding__hover=&#8221;|||&#8221;][et_pb_team_member name=&#8221;Denisse Cancino&#8221; position=&#8221;Fonoaudi\u00f3loga&#8221; image_url=&#8221;http:\/\/www.escuelalasflores.cl\/home\/wp-content\/uploads\/2019\/06\/Denisse-Cancino.png&#8221; _builder_version=&#8221;4.16&#8243; header_font=&#8221;Rubik|700|||||||&#8221; header_text_color=&#8221;#4c5c67&#8243; header_font_size=&#8221;18px&#8221; header_line_height=&#8221;1.7em&#8221; body_font=&#8221;Rubik|500|||||||&#8221; body_font_size=&#8221;15px&#8221; body_line_height=&#8221;1.3em&#8221; child_filter_saturate=&#8221;120%&#8221; animation_style=&#8221;zoom&#8221; animation_intensity_zoom=&#8221;10%&#8221; body_line_height_tablet=&#8221;&#8221; body_line_height_phone=&#8221;0.2em&#8221; body_line_height_last_edited=&#8221;on|phone&#8221; border_radii_image=&#8221;on|10px|10px|10px|10px&#8221; global_colors_info=&#8221;{}&#8221;][\/et_pb_team_member][et_pb_team_member name=&#8221;Carmen Poblete&#8221; position=&#8221;Educadora Diferencial (TEL)&#8221; image_url=&#8221;http:\/\/www.escuelalasflores.cl\/home\/wp-content\/uploads\/2019\/06\/Carmen-Poblete.png&#8221; _builder_version=&#8221;4.16&#8243; header_font=&#8221;Rubik|700|||||||&#8221; header_text_color=&#8221;#4c5c67&#8243; header_font_size=&#8221;18px&#8221; header_line_height=&#8221;1.7em&#8221; body_font=&#8221;Rubik|500|||||||&#8221; body_font_size=&#8221;15px&#8221; body_line_height=&#8221;1.3em&#8221; custom_padding=&#8221;||0px|||&#8221; animation_style=&#8221;zoom&#8221; animation_intensity_zoom=&#8221;10%&#8221; body_line_height_tablet=&#8221;&#8221; body_line_height_phone=&#8221;0.2em&#8221; body_line_height_last_edited=&#8221;on|phone&#8221; border_radii_image=&#8221;on|10px|10px|10px|10px&#8221; global_colors_info=&#8221;{}&#8221;][\/et_pb_team_member][\/et_pb_column][et_pb_column type=&#8221;1_3&#8243; _builder_version=&#8221;4.16&#8243; custom_padding=&#8221;|||&#8221; custom_padding_tablet=&#8221;&#8221; custom_padding_phone=&#8221;0px||25px&#8221; custom_padding_last_edited=&#8221;on|phone&#8221; global_colors_info=&#8221;{}&#8221; custom_padding__hover=&#8221;|||&#8221;][et_pb_team_member name=&#8221;Paula Arriagada&#8221; position=&#8221;Fonoaudi\u00f3loga&#8221; image_url=&#8221;http:\/\/www.escuelalasflores.cl\/home\/wp-content\/uploads\/2020\/08\/PAULAweb.jpg&#8221; _builder_version=&#8221;4.16&#8243; header_font=&#8221;Rubik|700|||||||&#8221; header_text_color=&#8221;#4c5c67&#8243; header_font_size=&#8221;18px&#8221; header_line_height=&#8221;1.7em&#8221; body_font=&#8221;Rubik|500|||||||&#8221; body_text_color=&#8221;#8f8f8f&#8221; body_font_size=&#8221;15px&#8221; body_line_height=&#8221;1.3em&#8221; animation_style=&#8221;zoom&#8221; animation_intensity_zoom=&#8221;10%&#8221; body_line_height_tablet=&#8221;&#8221; body_line_height_phone=&#8221;0.2em&#8221; body_line_height_last_edited=&#8221;on|phone&#8221; border_radii_image=&#8221;on|10px|10px|10px|10px&#8221; global_colors_info=&#8221;{}&#8221;][\/et_pb_team_member][et_pb_team_member name=&#8221;Fernanda Lorca&#8221; position=&#8221;Educadora Diferencial (TEL)&#8221; image_url=&#8221;http:\/\/www.escuelalasflores.cl\/home\/wp-content\/uploads\/2020\/03\/Fernanda2.jpg&#8221; _builder_version=&#8221;4.16&#8243; header_font=&#8221;Rubik|700|||||||&#8221; header_text_color=&#8221;#4c5c67&#8243; header_font_size=&#8221;18px&#8221; header_line_height=&#8221;1.7em&#8221; body_font=&#8221;Rubik|500|||||||&#8221; body_font_size=&#8221;15px&#8221; body_line_height=&#8221;1.3em&#8221; animation_style=&#8221;zoom&#8221; animation_intensity_zoom=&#8221;10%&#8221; body_line_height_tablet=&#8221;&#8221; body_line_height_phone=&#8221;0.2em&#8221; body_line_height_last_edited=&#8221;on|phone&#8221; border_radii_image=&#8221;on|10px|10px|10px|10px&#8221; global_colors_info=&#8221;{}&#8221;][\/et_pb_team_member][\/et_pb_column][\/et_pb_row][et_pb_row column_structure=&#8221;1_3,1_3,1_3&#8243; _builder_version=&#8221;4.16&#8243; global_colors_info=&#8221;{}&#8221;][et_pb_column type=&#8221;1_3&#8243; _builder_version=&#8221;4.16&#8243; custom_padding=&#8221;|||&#8221; custom_padding_tablet=&#8221;&#8221; custom_padding_phone=&#8221;24px||0px|&#8221; custom_padding_last_edited=&#8221;on|phone&#8221; global_colors_info=&#8221;{}&#8221; custom_padding__hover=&#8221;|||&#8221;][et_pb_team_member name=&#8221;Marlene Sierra&#8221; position=&#8221;Educadora Diferencial (TEL)&#8221; image_url=&#8221;http:\/\/www.escuelalasflores.cl\/home\/wp-content\/uploads\/2020\/03\/Marlene2.jpg&#8221; _builder_version=&#8221;4.16&#8243; header_font=&#8221;Rubik|700|||||||&#8221; header_text_color=&#8221;#4c5c67&#8243; header_font_size=&#8221;18px&#8221; header_line_height=&#8221;1.7em&#8221; body_font=&#8221;Rubik|500|||||||&#8221; body_font_size=&#8221;15px&#8221; body_line_height=&#8221;1.3em&#8221; animation_style=&#8221;zoom&#8221; animation_intensity_zoom=&#8221;10%&#8221; header_line_height_tablet=&#8221;&#8221; header_line_height_phone=&#8221;1.6em&#8221; header_line_height_last_edited=&#8221;on|phone&#8221; body_line_height_tablet=&#8221;&#8221; body_line_height_phone=&#8221;0.2em&#8221; body_line_height_last_edited=&#8221;on|phone&#8221; border_radii_image=&#8221;on|10px|10px|10px|10px&#8221; global_colors_info=&#8221;{}&#8221;][\/et_pb_team_member][et_pb_team_member name=&#8221;Sandra Yarur&#8221; position=&#8221;T\u00e9cnico en P\u00e1rvulos&#8221; image_url=&#8221;http:\/\/www.escuelalasflores.cl\/home\/wp-content\/uploads\/2019\/06\/Sandra-Yarur.png&#8221; _builder_version=&#8221;4.16&#8243; header_font=&#8221;Rubik|700|||||||&#8221; header_text_color=&#8221;#4c5c67&#8243; header_font_size=&#8221;18px&#8221; header_line_height=&#8221;1.7em&#8221; body_font=&#8221;Rubik|500|||||||&#8221; body_font_size=&#8221;15px&#8221; body_line_height=&#8221;1.3em&#8221; animation_style=&#8221;zoom&#8221; animation_intensity_zoom=&#8221;10%&#8221; body_line_height_tablet=&#8221;&#8221; body_line_height_phone=&#8221;0.2em&#8221; body_line_height_last_edited=&#8221;on|phone&#8221; border_radii_image=&#8221;on|10px|10px|10px|10px&#8221; global_colors_info=&#8221;{}&#8221;][\/et_pb_team_member][\/et_pb_column][et_pb_column type=&#8221;1_3&#8243; _builder_version=&#8221;4.16&#8243; custom_padding=&#8221;|||&#8221; custom_padding_tablet=&#8221;&#8221; custom_padding_phone=&#8221;0px||0px&#8221; custom_padding_last_edited=&#8221;on|phone&#8221; global_colors_info=&#8221;{}&#8221; custom_padding__hover=&#8221;|||&#8221;][et_pb_team_member name=&#8221;Mar\u00eda Paz Araya&#8221; position=&#8221;Educadora Diferencial (TEL)&#8221; image_url=&#8221;http:\/\/www.escuelalasflores.cl\/home\/wp-content\/uploads\/2020\/03\/Mar\u00eda-Paz2.jpg&#8221; _builder_version=&#8221;4.16&#8243; header_font=&#8221;Rubik|700|||||||&#8221; header_text_color=&#8221;#4c5c67&#8243; header_font_size=&#8221;18px&#8221; header_line_height=&#8221;1.7em&#8221; body_font=&#8221;Rubik|500|||||||&#8221; body_font_size=&#8221;15px&#8221; body_line_height=&#8221;1.3em&#8221; child_filter_saturate=&#8221;120%&#8221; animation_style=&#8221;zoom&#8221; animation_intensity_zoom=&#8221;10%&#8221; body_line_height_tablet=&#8221;&#8221; body_line_height_phone=&#8221;0.2em&#8221; body_line_height_last_edited=&#8221;on|phone&#8221; border_radii_image=&#8221;on|10px|10px|10px|10px&#8221; global_colors_info=&#8221;{}&#8221;][\/et_pb_team_member][et_pb_team_member name=&#8221;Mar\u00eda Viviana Camus&#8221; position=&#8221;T\u00e9cnico en P\u00e1rvulos&#8221; image_url=&#8221;http:\/\/www.escuelalasflores.cl\/home\/wp-content\/uploads\/2020\/08\/VIVIweb.jpg&#8221; _builder_version=&#8221;4.16&#8243; header_font=&#8221;Rubik|700|||||||&#8221; header_text_color=&#8221;#4c5c67&#8243; header_font_size=&#8221;18px&#8221; header_line_height=&#8221;1.7em&#8221; body_font=&#8221;Rubik|500|||||||&#8221; body_font_size=&#8221;15px&#8221; body_line_height=&#8221;1.3em&#8221; animation_style=&#8221;zoom&#8221; animation_intensity_zoom=&#8221;10%&#8221; body_line_height_tablet=&#8221;&#8221; body_line_height_phone=&#8221;0.2em&#8221; body_line_height_last_edited=&#8221;on|phone&#8221; border_radii_image=&#8221;on|10px|10px|10px|10px&#8221; global_colors_info=&#8221;{}&#8221;][\/et_pb_team_member][\/et_pb_column][et_pb_column type=&#8221;1_3&#8243; _builder_version=&#8221;4.16&#8243; custom_padding=&#8221;|||&#8221; custom_padding_tablet=&#8221;&#8221; custom_padding_phone=&#8221;0px||25px&#8221; custom_padding_last_edited=&#8221;on|phone&#8221; global_colors_info=&#8221;{}&#8221; custom_padding__hover=&#8221;|||&#8221;][et_pb_team_member name=&#8221;Mar\u00eda Jos\u00e9 Urrutia&#8221; position=&#8221;Educadora Diferencial (TEL)&#8221; image_url=&#8221;http:\/\/www.escuelalasflores.cl\/home\/wp-content\/uploads\/2020\/03\/M.Jos\u00e92.jpg&#8221; _builder_version=&#8221;4.16&#8243; header_font=&#8221;Rubik|700|||||||&#8221; header_text_color=&#8221;#4c5c67&#8243; header_font_size=&#8221;18px&#8221; header_line_height=&#8221;1.7em&#8221; body_font=&#8221;Rubik|500|||||||&#8221; body_text_color=&#8221;#8f8f8f&#8221; body_font_size=&#8221;15px&#8221; body_line_height=&#8221;1.3em&#8221; animation_style=&#8221;zoom&#8221; animation_intensity_zoom=&#8221;10%&#8221; body_line_height_tablet=&#8221;&#8221; body_line_height_phone=&#8221;0.2em&#8221; body_line_height_last_edited=&#8221;on|phone&#8221; border_radii_image=&#8221;on|10px|10px|10px|10px&#8221; global_colors_info=&#8221;{}&#8221;][\/et_pb_team_member][et_pb_team_member name=&#8221;Ana Leiva&#8221; position=&#8221;T\u00e9cnico en P\u00e1rvulos&#8221; image_url=&#8221;http:\/\/www.escuelalasflores.cl\/home\/wp-content\/uploads\/2019\/06\/Anita-Leiva-2.png&#8221; _builder_version=&#8221;4.16&#8243; header_font=&#8221;Rubik|700|||||||&#8221; header_text_color=&#8221;#4c5c67&#8243; header_font_size=&#8221;18px&#8221; header_line_height=&#8221;1.7em&#8221; body_font=&#8221;Rubik|500|||||||&#8221; body_font_size=&#8221;15px&#8221; body_line_height=&#8221;1.3em&#8221; animation_style=&#8221;zoom&#8221; animation_intensity_zoom=&#8221;10%&#8221; body_line_height_tablet=&#8221;&#8221; body_line_height_phone=&#8221;0.2em&#8221; body_line_height_last_edited=&#8221;on|phone&#8221; border_radii_image=&#8221;on|10px|10px|10px|10px&#8221; global_colors_info=&#8221;{}&#8221;][\/et_pb_team_member][\/et_pb_column][\/et_pb_row][et_pb_row column_structure=&#8221;1_3,1_3,1_3&#8243; _builder_version=&#8221;4.18.0&#8243; global_colors_info=&#8221;{}&#8221;][et_pb_column type=&#8221;1_3&#8243; _builder_version=&#8221;4.16&#8243; custom_padding=&#8221;|||&#8221; custom_padding_tablet=&#8221;&#8221; custom_padding_phone=&#8221;24px||0px|&#8221; custom_padding_last_edited=&#8221;on|phone&#8221; global_colors_info=&#8221;{}&#8221; custom_padding__hover=&#8221;|||&#8221;][et_pb_team_member name=&#8221;Soraya Bravo&#8221; position=&#8221;T\u00e9cnico en P\u00e1rvulos&#8221; image_url=&#8221;http:\/\/www.escuelalasflores.cl\/home\/wp-content\/uploads\/2019\/06\/cropped-flor-icon-01.png&#8221; _builder_version=&#8221;4.18.0&#8243; header_font=&#8221;Rubik|700|||||||&#8221; header_text_color=&#8221;#4c5c67&#8243; header_font_size=&#8221;18px&#8221; header_line_height=&#8221;1.7em&#8221; body_font=&#8221;Rubik|500|||||||&#8221; body_font_size=&#8221;15px&#8221; body_line_height=&#8221;1.3em&#8221; animation_style=&#8221;zoom&#8221; animation_intensity_zoom=&#8221;10%&#8221; body_line_height_tablet=&#8221;&#8221; body_line_height_phone=&#8221;0.2em&#8221; body_line_height_last_edited=&#8221;on|phone&#8221; border_radii_image=&#8221;on|10px|10px|10px|10px&#8221; global_colors_info=&#8221;{}&#8221;][\/et_pb_team_member][\/et_pb_column][et_pb_column type=&#8221;1_3&#8243; _builder_version=&#8221;4.16&#8243; custom_padding=&#8221;|||&#8221; custom_padding_tablet=&#8221;&#8221; custom_padding_phone=&#8221;0px||0px&#8221; custom_padding_last_edited=&#8221;on|phone&#8221; global_colors_info=&#8221;{}&#8221; custom_padding__hover=&#8221;|||&#8221;][\/et_pb_column][et_pb_column type=&#8221;1_3&#8243; _builder_version=&#8221;4.16&#8243; custom_padding=&#8221;|||&#8221; custom_padding_tablet=&#8221;&#8221; custom_padding_phone=&#8221;0px||25px&#8221; custom_padding_last_edited=&#8221;on|phone&#8221; global_colors_info=&#8221;{}&#8221; custom_padding__hover=&#8221;|||&#8221;][et_pb_team_member name=&#8221;Camila Cifuentes&#8221; position=&#8221;T\u00e9cnico en P\u00e1rvulos&#8221; image_url=&#8221;http:\/\/www.escuelalasflores.cl\/home\/wp-content\/uploads\/2020\/03\/Camila2.jpg&#8221; _builder_version=&#8221;4.16&#8243; header_font=&#8221;Rubik|700|||||||&#8221; header_text_color=&#8221;#4c5c67&#8243; header_font_size=&#8221;18px&#8221; header_line_height=&#8221;1.7em&#8221; body_font=&#8221;Rubik|500|||||||&#8221; body_text_color=&#8221;#8f8f8f&#8221; body_font_size=&#8221;15px&#8221; body_line_height=&#8221;1.3em&#8221; animation_style=&#8221;zoom&#8221; animation_intensity_zoom=&#8221;10%&#8221; body_line_height_tablet=&#8221;&#8221; body_line_height_phone=&#8221;0.2em&#8221; body_line_height_last_edited=&#8221;on|phone&#8221; border_radii_image=&#8221;on|10px|10px|10px|10px&#8221; global_colors_info=&#8221;{}&#8221;][\/et_pb_team_member][\/et_pb_column][\/et_pb_row][et_pb_row column_structure=&#8221;1_3,1_3,1_3&#8243; _builder_version=&#8221;4.27.0&#8243; hover_enabled=&#8221;0&#8243; global_colors_info=&#8221;{}&#8221; sticky_enabled=&#8221;0&#8243;][et_pb_column type=&#8221;1_3&#8243; _builder_version=&#8221;4.16&#8243; custom_padding=&#8221;|||&#8221; custom_padding_tablet=&#8221;&#8221; custom_padding_phone=&#8221;24px||0px|&#8221; custom_padding_last_edited=&#8221;on|phone&#8221; global_colors_info=&#8221;{}&#8221; custom_padding__hover=&#8221;|||&#8221;][et_pb_team_member name=&#8221;Yessenia Vera&#8221; position=&#8221;Auxiliar de Aseo&#8221; image_url=&#8221;http:\/\/www.escuelalasflores.cl\/home\/wp-content\/uploads\/2019\/06\/cropped-flor-icon-01.png&#8221; _builder_version=&#8221;4.27.0&#8243; header_font=&#8221;Rubik|700|||||||&#8221; header_text_color=&#8221;#4c5c67&#8243; header_font_size=&#8221;18px&#8221; header_line_height=&#8221;1.7em&#8221; body_font=&#8221;Rubik|500|||||||&#8221; body_text_color=&#8221;#8f8f8f&#8221; body_font_size=&#8221;15px&#8221; body_line_height=&#8221;1.3em&#8221; animation_style=&#8221;zoom&#8221; animation_intensity_zoom=&#8221;10%&#8221; hover_enabled=&#8221;0&#8243; body_line_height_tablet=&#8221;&#8221; body_line_height_phone=&#8221;0.2em&#8221; body_line_height_last_edited=&#8221;on|phone&#8221; border_radii_image=&#8221;on|10px|10px|10px|10px&#8221; global_colors_info=&#8221;{}&#8221; sticky_enabled=&#8221;0&#8243; title_text=&#8221;cropped-flor-icon-01.png&#8221;][\/et_pb_team_member][\/et_pb_column][et_pb_column type=&#8221;1_3&#8243; _builder_version=&#8221;4.16&#8243; custom_padding=&#8221;|||&#8221; custom_padding_tablet=&#8221;&#8221; custom_padding_phone=&#8221;0px||0px&#8221; custom_padding_last_edited=&#8221;on|phone&#8221; global_colors_info=&#8221;{}&#8221; custom_padding__hover=&#8221;|||&#8221;][\/et_pb_column][et_pb_column type=&#8221;1_3&#8243; _builder_version=&#8221;4.16&#8243; custom_padding=&#8221;|||&#8221; custom_padding_tablet=&#8221;&#8221; custom_padding_phone=&#8221;0px||25px&#8221; custom_padding_last_edited=&#8221;on|phone&#8221; global_colors_info=&#8221;{}&#8221; custom_padding__hover=&#8221;|||&#8221;][\/et_pb_column][\/et_pb_row][\/et_pb_section]<\/p>\n","protected":false},"excerpt":{"rendered":"","protected":false},"author":1,"featured_media":0,"parent":0,"menu_order":0,"comment_status":"open","ping_status":"open","template":"","meta":{"_et_pb_use_builder":"on","_et_pb_old_content":"Contamos con profesionales acreditados por el Ministerio de Educaci\u00f3n y con amplia experiencia en Escuelas Especiales de Lenguaje.\r\n\r\n[checklist2]\r\n\r\n<strong>Directora<\/strong>: Lilian Zapata Bustos\r\n\r\n<strong>Fonoaudi\u00f3loga<\/strong>: Denisse Cancino Gracia\r\n\r\n<strong>Educadoras<\/strong>: Carmen Poblete F., Mireya Acu\u00f1a V., Mar\u00eda Jos\u00e9 Cuevas Z.\r\n\r\n<strong>Auxiliares:\u00a0<\/strong> Ana Leiva J., Sandra Yarur B., Paola Castro M.\r\n\r\n[\/checklist2]\r\n\r\n&nbsp;","_et_gb_content_width":"","_joinchat":[],"footnotes":""},"class_list":["post-58","page","type-page","status-publish","hentry"],"_links":{"self":[{"href":"http:\/\/www.escuelalasflores.cl\/home\/index.php?rest_route=\/wp\/v2\/pages\/58","targetHints":{"allow":["GET"]}}],"collection":[{"href":"http:\/\/www.escuelalasflores.cl\/home\/index.php?rest_route=\/wp\/v2\/pages"}],"about":[{"href":"http:\/\/www.escuelalasflores.cl\/home\/index.php?rest_route=\/wp\/v2\/types\/page"}],"author":[{"embeddable":true,"href":"http:\/\/www.escuelalasflores.cl\/home\/index.php?rest_route=\/wp\/v2\/users\/1"}],"replies":[{"embeddable":true,"href":"http:\/\/www.escuelalasflores.cl\/home\/index.php?rest_route=%2Fwp%2Fv2%2Fcomments&post=58"}],"version-history":[{"count":63,"href":"http:\/\/www.escuelalasflores.cl\/home\/index.php?rest_route=\/wp\/v2\/pages\/58\/revisions"}],"predecessor-version":[{"id":2127,"href":"http:\/\/www.escuelalasflores.cl\/home\/index.php?rest_route=\/wp\/v2\/pages\/58\/revisions\/2127"}],"wp:attachment":[{"href":"http:\/\/www.escuelalasflores.cl\/home\/index.php?rest_route=%2Fwp%2Fv2%2Fmedia&parent=58"}],"curies":[{"name":"wp","href":"https:\/\/api.w.org\/{rel}","templated":true}]}}